{"id":79,"date":"2022-05-11T18:04:19","date_gmt":"2022-05-11T15:04:19","guid":{"rendered":"http:\/\/carraro.md\/?page_id=79"},"modified":"2022-05-27T15:01:10","modified_gmt":"2022-05-27T12:01:10","slug":"profile","status":"publish","type":"page","link":"https:\/\/carraro.md\/ro\/profile\/","title":{"rendered":"Profilul Carraro Agritalia"},"content":{"rendered":"<div data-elementor-type=\"wp-page\" data-elementor-id=\"79\" class=\"elementor elementor-79\">\n\t\t\t\t\t\t<div class=\"elementor-inner\">\n\t\t\t\t<div class=\"elementor-section-wrap\">\n\t\t\t\t\t\t\t\t\t<section class=\"elementor-section elementor-top-section elementor-element elementor-element-482ca8e elementor-section-boxed elementor-section-height-default elementor-section-height-default\" data-id=\"482ca8e\" data-element_type=\"section\">\n\t\t\t\t\t\t<div class=\"elementor-container elementor-column-gap-default\">\n\t\t\t\t\t\t\t<div class=\"elementor-row\">\n\t\t\t\t\t<div class=\"elementor-column elementor-col-100 elementor-top-column elementor-element elementor-element-8580642\" data-id=\"8580642\" data-element_type=\"column\">\n\t\t\t<div class=\"elementor-column-wrap elementor-element-populated\">\n\t\t\t\t\t\t\t<div class=\"elementor-widget-wrap\">\n\t\t\t\t\t\t<div class=\"elementor-element elementor-element-1bb287a elementor-widget elementor-widget-heading\" data-id=\"1bb287a\" data-element_type=\"widget\" data-widget_type=\"heading.default\">\n\t\t\t\t<div class=\"elementor-widget-container\">\n\t\t\t<h1 class=\"elementor-heading-title elementor-size-default\">Profilul Carraro Agritalia<\/h1>\t\t<\/div>\n\t\t\t\t<\/div>\n\t\t\t\t<div class=\"elementor-element elementor-element-52f6919 elementor-widget elementor-widget-text-editor\" data-id=\"52f6919\" data-element_type=\"widget\" data-widget_type=\"text-editor.default\">\n\t\t\t\t<div class=\"elementor-widget-container\">\n\t\t\t\t\t\t\t\t<div class=\"elementor-text-editor elementor-clearfix\">\n\t\t\t\t<p><img loading=\"lazy\" decoding=\"async\" class=\"shadow alignleft wp-image-505 size-full\" src=\"http:\/\/carraro.md\/wp-content\/uploads\/2022\/05\/profil-carraro.jpeg\" alt=\"\" width=\"570\" height=\"427\" srcset=\"https:\/\/carraro.md\/wp-content\/uploads\/2022\/05\/profil-carraro.jpeg 570w, https:\/\/carraro.md\/wp-content\/uploads\/2022\/05\/profil-carraro-300x225.jpeg 300w, https:\/\/carraro.md\/wp-content\/uploads\/2022\/05\/profil-carraro-16x12.jpeg 16w\" sizes=\"auto, (max-width: 570px) 100vw, 570px\" \/><\/p><p>Carraro Agritalia - lider \u00een design \u0219i producerea tractoarelor specializate \u0219i u\u0219oare.<\/p><p>N\u0103scut\u0103 din corpul companiei istorice Carraro Group, Agritalia a acumulat de a lungul timpului o exeprien\u021b\u0103 considerabil\u0103 \u00een designul tractoarelor speciale pentru livezi \u0219i vii, precum \u0219i a tractoarelor generale cu o putere situat\u0103 \u00eentre 60 \u0219i 100 CP.<\/p><p>\u00cen fiecare zi, uzina de la Rovigo produce, \u00een numele celor mai mari produc\u0103tori din lume, cele mai bine-v\u00eendute modele \u00een segmentele lor.<\/p><p>La ora actual\u0103, brandul Agritalia este unic \u0219i inconfundabil pentru gama larg\u0103 de configura\u021bii, stiluri \u0219i op\u021biuni de design care caracterizeaz\u0103 tractoarele sale.<\/p><p>Agritalia este subdiviziunea Carraro Group Business Agritalia specializat\u0103 \u00een designul \u0219i producerea tractoarelor Carraro speciale \u2015 pentru vii, livezi \u0219i standard \u2015 pentru liderii globali \u00een producerea ma\u0219inilor agricole.<\/p><p>Cercetarea continu\u0103 a solu\u021biilor originale tehnice \u0219i de design, c\u00eet \u0219i a abilit\u0103\u021bilor de producere au permis Agritaliei de a ob\u021bine numeroase premii pentru dezvoltarea produselor inova\u021bionale, \u0219i pentru calitatea \u00eenalt\u0103 ob\u021binut\u0103, situ\u00eendu-se printre cei mai avansa\u021bi produc\u0103tori industriali. Agritalia men\u021bine mereu leg\u0103tura cu clien\u021bii s\u0103i, ascultindu-le nevoile lor cele mai concrete \u0219i reale.<\/p><p class=\"translation-block\">Astfel, aceasta a creat posibilitatea de a anticipa tendin\u021ba pie\u021bii \u0219i de a se stabili, \u00eensu\u0219i, ca lider incontenstabil \u00een segmentul de <a href=\"\/ro\/tractors-carraro\/\">tractoare Carraro<\/a> de 60 \u0219i 100 CP.<\/p><p>Sediile centrale Agritalia se afl\u0103 \u00een Rovigo, \u00een inima unui teritoriu cu o puternic\u0103 voca\u021bie agricol\u0103 \u0219i o tradi\u021bie mare de producere.<\/p>\t\t\t\t\t<\/div>\n\t\t\t\t\t\t<\/div>\n\t\t\t\t<\/div>\n\t\t\t\t\t\t<\/div>\n\t\t\t\t\t<\/div>\n\t\t<\/div>\n\t\t\t\t\t\t\t\t<\/div>\n\t\t\t\t\t<\/div>\n\t\t<\/section>\n\t\t\t\t<section class=\"elementor-section elementor-top-section elementor-element elementor-element-89339ef elementor-section-full_width elementor-section-height-default elementor-section-height-default\" data-id=\"89339ef\" data-element_type=\"section\">\n\t\t\t\t\t\t<div class=\"elementor-container elementor-column-gap-no\">\n\t\t\t\t\t\t\t<div class=\"elementor-row\">\n\t\t\t\t\t<div class=\"elementor-column elementor-col-100 elementor-top-column elementor-element elementor-element-a87c153\" data-id=\"a87c153\" data-element_type=\"column\">\n\t\t\t<div class=\"elementor-column-wrap elementor-element-populated\">\n\t\t\t\t\t\t\t<div class=\"elementor-widget-wrap\">\n\t\t\t\t\t\t<div class=\"elementor-element elementor-element-4afcb0d elementor-widget elementor-widget-template\" data-id=\"4afcb0d\" data-element_type=\"widget\" data-widget_type=\"template.default\">\n\t\t\t\t<div class=\"elementor-widget-container\">\n\t\t\t\t\t<div class=\"elementor-template\">\n\t\t\t\t\t<section data-elementor-type=\"section\" data-elementor-id=\"179\" class=\"elementor elementor-179\">\n\t\t\t\t\t<div class=\"elementor-section-wrap\">\n\t\t\t\t\t\t\t\t<section class=\"elementor-section elementor-top-section elementor-element elementor-element-f521ca5 elementor-section-boxed elementor-section-height-default elementor-section-height-default\" data-id=\"f521ca5\" data-element_type=\"section\" data-settings=\"{&quot;background_background&quot;:&quot;classic&quot;}\">\n\t\t\t\t\t\t<div class=\"elementor-container elementor-column-gap-default\">\n\t\t\t\t\t\t\t<div class=\"elementor-row\">\n\t\t\t\t\t<div class=\"elementor-column elementor-col-100 elementor-top-column elementor-element elementor-element-4374629\" data-id=\"4374629\" data-element_type=\"column\">\n\t\t\t<div class=\"elementor-column-wrap elementor-element-populated\">\n\t\t\t\t\t\t\t<div class=\"elementor-widget-wrap\">\n\t\t\t\t\t\t<div class=\"elementor-element elementor-element-0a27557 elementor-widget elementor-widget-heading\" data-id=\"0a27557\" data-element_type=\"widget\" data-widget_type=\"heading.default\">\n\t\t\t\t<div class=\"elementor-widget-container\">\n\t\t\t<h2 class=\"elementor-heading-title elementor-size-default\">Contacte<\/h2>\t\t<\/div>\n\t\t\t\t<\/div>\n\t\t\t\t\t\t<\/div>\n\t\t\t\t\t<\/div>\n\t\t<\/div>\n\t\t\t\t\t\t\t\t<\/div>\n\t\t\t\t\t<\/div>\n\t\t<\/section>\n\t\t\t\t<section class=\"elementor-section elementor-top-section elementor-element elementor-element-d77cb84 elementor-section-boxed elementor-section-height-default elementor-section-height-default\" data-id=\"d77cb84\" data-element_type=\"section\" data-settings=\"{&quot;background_background&quot;:&quot;classic&quot;}\">\n\t\t\t\t\t\t<div class=\"elementor-container elementor-column-gap-default\">\n\t\t\t\t\t\t\t<div class=\"elementor-row\">\n\t\t\t\t\t<div class=\"elementor-column elementor-col-33 elementor-top-column elementor-element elementor-element-8149e1f\" data-id=\"8149e1f\" data-element_type=\"column\">\n\t\t\t<div class=\"elementor-column-wrap elementor-element-populated\">\n\t\t\t\t\t\t\t<div class=\"elementor-widget-wrap\">\n\t\t\t\t\t\t<div class=\"elementor-element elementor-element-e0407dc elementor-widget elementor-widget-heading\" data-id=\"e0407dc\" data-element_type=\"widget\" data-widget_type=\"heading.default\">\n\t\t\t\t<div class=\"elementor-widget-container\">\n\t\t\t<h5 class=\"elementor-heading-title elementor-size-default\">Telefon<\/h5>\t\t<\/div>\n\t\t\t\t<\/div>\n\t\t\t\t<div class=\"elementor-element elementor-element-9591d4f elementor-widget elementor-widget-text-editor\" data-id=\"9591d4f\" data-element_type=\"widget\" data-widget_type=\"text-editor.default\">\n\t\t\t\t<div class=\"elementor-widget-container\">\n\t\t\t\t\t\t\t\t<div class=\"elementor-text-editor elementor-clearfix\">\n\t\t\t\t<p>+373 22 50 33 58<br \/>+373 69 67 22 43<\/p>\t\t\t\t\t<\/div>\n\t\t\t\t\t\t<\/div>\n\t\t\t\t<\/div>\n\t\t\t\t\t\t<\/div>\n\t\t\t\t\t<\/div>\n\t\t<\/div>\n\t\t\t\t<div class=\"elementor-column elementor-col-33 elementor-top-column elementor-element elementor-element-e43aed6\" data-id=\"e43aed6\" data-element_type=\"column\">\n\t\t\t<div class=\"elementor-column-wrap elementor-element-populated\">\n\t\t\t\t\t\t\t<div class=\"elementor-widget-wrap\">\n\t\t\t\t\t\t<div class=\"elementor-element elementor-element-c5a760f elementor-widget elementor-widget-heading\" data-id=\"c5a760f\" data-element_type=\"widget\" data-widget_type=\"heading.default\">\n\t\t\t\t<div class=\"elementor-widget-container\">\n\t\t\t<h5 class=\"elementor-heading-title elementor-size-default\">Adresa<\/h5>\t\t<\/div>\n\t\t\t\t<\/div>\n\t\t\t\t<div class=\"elementor-element elementor-element-dfa748e elementor-widget elementor-widget-text-editor\" data-id=\"dfa748e\" data-element_type=\"widget\" data-widget_type=\"text-editor.default\">\n\t\t\t\t<div class=\"elementor-widget-container\">\n\t\t\t\t\t\t\t\t<div class=\"elementor-text-editor elementor-clearfix\">\n\t\t\t\t<p>Muncesti, mun. Chisinau<br \/>str-la Muncesti, 271\/7<\/p>\t\t\t\t\t<\/div>\n\t\t\t\t\t\t<\/div>\n\t\t\t\t<\/div>\n\t\t\t\t\t\t<\/div>\n\t\t\t\t\t<\/div>\n\t\t<\/div>\n\t\t\t\t<div class=\"elementor-column elementor-col-33 elementor-top-column elementor-element elementor-element-632b8a0\" data-id=\"632b8a0\" data-element_type=\"column\">\n\t\t\t<div class=\"elementor-column-wrap elementor-element-populated\">\n\t\t\t\t\t\t\t<div class=\"elementor-widget-wrap\">\n\t\t\t\t\t\t<div class=\"elementor-element elementor-element-88964d1 elementor-widget elementor-widget-heading\" data-id=\"88964d1\" data-element_type=\"widget\" data-widget_type=\"heading.default\">\n\t\t\t\t<div class=\"elementor-widget-container\">\n\t\t\t<h5 class=\"elementor-heading-title elementor-size-default\">Email<\/h5>\t\t<\/div>\n\t\t\t\t<\/div>\n\t\t\t\t<div class=\"elementor-element elementor-element-4def2fb elementor-widget elementor-widget-text-editor\" data-id=\"4def2fb\" data-element_type=\"widget\" data-widget_type=\"text-editor.default\">\n\t\t\t\t<div class=\"elementor-widget-container\">\n\t\t\t\t\t\t\t\t<div class=\"elementor-text-editor elementor-clearfix\">\n\t\t\t\t<p>info@carraro.md<br \/>office@carraro.md<\/p>\t\t\t\t\t<\/div>\n\t\t\t\t\t\t<\/div>\n\t\t\t\t<\/div>\n\t\t\t\t\t\t<\/div>\n\t\t\t\t\t<\/div>\n\t\t<\/div>\n\t\t\t\t\t\t\t\t<\/div>\n\t\t\t\t\t<\/div>\n\t\t<\/section>\n\t\t\t\t\t\t\t<\/div>\n\t\t\t\t<\/section>\n\t\t\t\t<\/div>\n\t\t\t\t<\/div>\n\t\t\t\t<\/div>\n\t\t\t\t\t\t<\/div>\n\t\t\t\t\t<\/div>\n\t\t<\/div>\n\t\t\t\t\t\t\t\t<\/div>\n\t\t\t\t\t<\/div>\n\t\t<\/section>\n\t\t\t\t\t\t\t\t\t<\/div>\n\t\t\t<\/div>\n\t\t\t\t\t<\/div>","protected":false},"excerpt":{"rendered":"<p>\u041f\u0440\u043e\u0444\u0438\u043b\u044c Carraro Agritalia Carraro Agritalia &#8212; \u043b\u0438\u0434\u0435\u0440 \u0432 \u043e\u0431\u043b\u0430\u0441\u0442\u0438 \u0434\u0438\u0437\u0430\u0439\u043d\u0430 \u0438 \u043f\u0440\u043e\u0438\u0437\u0432\u043e\u0434\u0441\u0442\u0432\u0430 \u043b\u0435\u0433\u043a\u0438\u0445 \u0438 \u0441\u043f\u0435\u0446\u0438\u0430\u043b\u044c\u043d\u044b\u0445 \u0442\u0440\u0430\u043a\u0442\u043e\u0440\u043e\u0432. Agritalia \u043d\u0430\u043a\u043e\u043f\u0438\u043b\u0430 \u0437\u0430 \u0434\u043e\u043b\u0433\u043e\u0435 \u0432\u0440\u0435\u043c\u044f \u0432\u043d\u0443\u0448\u0438\u0442\u0435\u043b\u044c\u043d\u044b\u0439 \u043e\u043f\u044b\u0442 \u0432 \u043e\u0431\u043b\u0430\u0441\u0442\u0438 \u0434\u0438\u0437\u0430\u0439\u043d\u0430 \u0441\u043f\u0435\u0446\u0438\u0430\u043b\u044c\u043d\u044b\u0445 \u0432\u0438\u043d\u043e\u0433\u0440\u0430\u0434\u043d\u044b\u0445 \u0438 \u0441\u0430\u0434\u043e\u0432\u044b\u0445 \u0442\u0440\u0430\u043a\u0442\u043e\u0440\u043e\u0432, \u0430 \u0442\u0430\u043a\u0436\u0435 \u043e\u0431\u0449\u0438\u0445 \u0442\u0440\u0430\u043a\u0442\u043e\u0440\u043e\u0432 \u043c\u043e\u0449\u043d\u043e\u0441\u0442\u044c\u044e \u043e\u0442 60 \u0434\u043e 100 \u043b.\u0441. \u041a\u0430\u0436\u0434\u044b\u0439 \u0434\u0435\u043d\u044c \u0437\u0430\u0432\u043e\u0434 \u0432 \u0420\u043e\u0432\u0438\u0433\u043e \u043f\u0440\u043e\u0438\u0437\u0432\u043e\u0434\u0438\u0442 \u043e\u0442 \u0438\u043c\u0435\u043d\u0438 \u043a\u0440\u0443\u043f\u043d\u0435\u0439\u0448\u0438\u0445 \u043c\u0438\u0440\u043e\u0432\u044b\u0445 \u043f\u0440\u043e\u0438\u0437\u0432\u043e\u0434\u0438\u0442\u0435\u043b\u0435\u0439 \u0441\u0430\u043c\u044b\u0435 \u043f\u0440\u043e\u0434\u0430\u0432\u0430\u0435\u043c\u044b\u0435 \u043c\u043e\u0434\u0435\u043b\u0438 [&hellip;]<\/p>","protected":false},"author":2,"featured_media":0,"parent":0,"menu_order":0,"comment_status":"closed","ping_status":"closed","template":"elementor_header_footer","meta":{"footnotes":""},"class_list":["post-79","page","type-page","status-publish","hentry"],"yoast_head":"<!-- This site is optimized with the Yoast SEO plugin v19.0 - https:\/\/yoast.com\/wordpress\/plugins\/seo\/ -->\n<title>\u041f\u0440\u043e\u0444\u0438\u043b\u044c Carraro Agritalia - \u0422\u0440\u0430\u043a\u0442\u043e\u0440\u044b Carraro \u0432 \u041c\u043e\u043b\u0434\u043e\u0432\u0435<\/title>\n<meta name=\"description\" content=\"\u041b\u0438\u0434\u0435\u0440 \u0432 \u043e\u0431\u043b\u0430\u0441\u0442\u0438 \u0434\u0438\u0437\u0430\u0439\u043d\u0430 \u0438 \u043f\u0440\u043e\u0438\u0437\u0432\u043e\u0434\u0441\u0442\u0432\u0430 \u043b\u0435\u0433\u043a\u0438\u0445 \u0438 \u0441\u043f\u0435\u0446\u0438\u0430\u043b\u044c\u043d\u044b\u0445 \u0442\u0440\u0430\u043a\u0442\u043e\u0440\u043e\u0432 Carraro. Agritalia \u043d\u0430\u043a\u043e\u043f\u0438\u043b\u0430 \u0437\u0430 \u0434\u043e\u043b\u0433\u043e\u0435 \u0432\u0440\u0435\u043c\u044f \u0432\u043d\u0443\u0448\u0438\u0442\u0435\u043b\u044c\u043d\u044b\u0439 \u043e\u043f\u044b\u0442 \u0432 \u043e\u0431\u043b\u0430\u0441\u0442\u0438 \u0434\u0438\u0437\u0430\u0439\u043d\u0430 \u0441\u043f\u0435\u0446\u0438\u0430\u043b\u044c\u043d\u044b\u0445 \u0432\u0438\u043d\u043e\u0433\u0440\u0430\u0434\u043d\u044b\u0445 \u0438 \u0441\u0430\u0434\u043e\u0432\u044b\u0445 \u0442\u0440\u0430\u043a\u0442\u043e\u0440\u043e\u0432, \u0430 \u0442\u0430\u043a\u0436\u0435 \u043e\u0431\u0449\u0438\u0445 \u0442\u0440\u0430\u043a\u0442\u043e\u0440\u043e\u0432 \u043c\u043e\u0449\u043d\u043e\u0441\u0442\u044c\u044e \u043e\u0442 60 \u0434\u043e 100 \u043b.\u0441.\" \/>\n<meta name=\"robots\" content=\"index, follow, max-snippet:-1, max-image-preview:large, max-video-preview:-1\" \/>\n<link rel=\"canonical\" href=\"https:\/\/carraro.md\/ro\/profile\/\" \/>\n<meta property=\"og:locale\" content=\"ro_RO\" \/>\n<meta property=\"og:type\" content=\"article\" \/>\n<meta property=\"og:title\" content=\"\u041f\u0440\u043e\u0444\u0438\u043b\u044c Carraro Agritalia - \u0422\u0440\u0430\u043a\u0442\u043e\u0440\u044b Carraro \u0432 \u041c\u043e\u043b\u0434\u043e\u0432\u0435\" \/>\n<meta property=\"og:description\" content=\"\u041b\u0438\u0434\u0435\u0440 \u0432 \u043e\u0431\u043b\u0430\u0441\u0442\u0438 \u0434\u0438\u0437\u0430\u0439\u043d\u0430 \u0438 \u043f\u0440\u043e\u0438\u0437\u0432\u043e\u0434\u0441\u0442\u0432\u0430 \u043b\u0435\u0433\u043a\u0438\u0445 \u0438 \u0441\u043f\u0435\u0446\u0438\u0430\u043b\u044c\u043d\u044b\u0445 \u0442\u0440\u0430\u043a\u0442\u043e\u0440\u043e\u0432 Carraro. Agritalia \u043d\u0430\u043a\u043e\u043f\u0438\u043b\u0430 \u0437\u0430 \u0434\u043e\u043b\u0433\u043e\u0435 \u0432\u0440\u0435\u043c\u044f \u0432\u043d\u0443\u0448\u0438\u0442\u0435\u043b\u044c\u043d\u044b\u0439 \u043e\u043f\u044b\u0442 \u0432 \u043e\u0431\u043b\u0430\u0441\u0442\u0438 \u0434\u0438\u0437\u0430\u0439\u043d\u0430 \u0441\u043f\u0435\u0446\u0438\u0430\u043b\u044c\u043d\u044b\u0445 \u0432\u0438\u043d\u043e\u0433\u0440\u0430\u0434\u043d\u044b\u0445 \u0438 \u0441\u0430\u0434\u043e\u0432\u044b\u0445 \u0442\u0440\u0430\u043a\u0442\u043e\u0440\u043e\u0432, \u0430 \u0442\u0430\u043a\u0436\u0435 \u043e\u0431\u0449\u0438\u0445 \u0442\u0440\u0430\u043a\u0442\u043e\u0440\u043e\u0432 \u043c\u043e\u0449\u043d\u043e\u0441\u0442\u044c\u044e \u043e\u0442 60 \u0434\u043e 100 \u043b.\u0441.\" \/>\n<meta property=\"og:url\" content=\"https:\/\/carraro.md\/ro\/profile\/\" \/>\n<meta property=\"og:site_name\" content=\"\u0422\u0440\u0430\u043a\u0442\u043e\u0440\u044b Carraro \u0432 \u041c\u043e\u043b\u0434\u043e\u0432\u0435\" \/>\n<meta property=\"article:modified_time\" content=\"2022-05-27T12:01:10+00:00\" \/>\n<meta property=\"og:image\" content=\"http:\/\/carraro.md\/wp-content\/uploads\/2022\/05\/profil-carraro.jpeg\" \/>\n<meta name=\"twitter:card\" content=\"summary_large_image\" \/>\n<script type=\"application\/ld+json\" class=\"yoast-schema-graph\">{\"@context\":\"https:\/\/schema.org\",\"@graph\":[{\"@type\":\"WebSite\",\"@id\":\"https:\/\/carraro.md\/#website\",\"url\":\"https:\/\/carraro.md\/\",\"name\":\"\u0422\u0440\u0430\u043a\u0442\u043e\u0440\u044b Carraro \u0432 \u041c\u043e\u043b\u0434\u043e\u0432\u0435\",\"description\":\"\u0422\u0440\u0430\u043a\u0442\u043e\u0440\u044b Carraro \u0432 \u041c\u043e\u043b\u0434\u043e\u0432\u0435\",\"potentialAction\":[{\"@type\":\"SearchAction\",\"target\":{\"@type\":\"EntryPoint\",\"urlTemplate\":\"https:\/\/carraro.md\/?s={search_term_string}\"},\"query-input\":\"required name=search_term_string\"}],\"inLanguage\":\"ro-RO\"},{\"@type\":\"ImageObject\",\"inLanguage\":\"ro-RO\",\"@id\":\"https:\/\/carraro.md\/profile\/#primaryimage\",\"url\":\"http:\/\/carraro.md\/wp-content\/uploads\/2022\/05\/profil-carraro.jpeg\",\"contentUrl\":\"http:\/\/carraro.md\/wp-content\/uploads\/2022\/05\/profil-carraro.jpeg\"},{\"@type\":\"WebPage\",\"@id\":\"https:\/\/carraro.md\/profile\/#webpage\",\"url\":\"https:\/\/carraro.md\/profile\/\",\"name\":\"\u041f\u0440\u043e\u0444\u0438\u043b\u044c Carraro Agritalia - \u0422\u0440\u0430\u043a\u0442\u043e\u0440\u044b Carraro \u0432 \u041c\u043e\u043b\u0434\u043e\u0432\u0435\",\"isPartOf\":{\"@id\":\"https:\/\/carraro.md\/#website\"},\"primaryImageOfPage\":{\"@id\":\"https:\/\/carraro.md\/profile\/#primaryimage\"},\"datePublished\":\"2022-05-11T15:04:19+00:00\",\"dateModified\":\"2022-05-27T12:01:10+00:00\",\"description\":\"\u041b\u0438\u0434\u0435\u0440 \u0432 \u043e\u0431\u043b\u0430\u0441\u0442\u0438 \u0434\u0438\u0437\u0430\u0439\u043d\u0430 \u0438 \u043f\u0440\u043e\u0438\u0437\u0432\u043e\u0434\u0441\u0442\u0432\u0430 \u043b\u0435\u0433\u043a\u0438\u0445 \u0438 \u0441\u043f\u0435\u0446\u0438\u0430\u043b\u044c\u043d\u044b\u0445 \u0442\u0440\u0430\u043a\u0442\u043e\u0440\u043e\u0432 Carraro. Agritalia \u043d\u0430\u043a\u043e\u043f\u0438\u043b\u0430 \u0437\u0430 \u0434\u043e\u043b\u0433\u043e\u0435 \u0432\u0440\u0435\u043c\u044f \u0432\u043d\u0443\u0448\u0438\u0442\u0435\u043b\u044c\u043d\u044b\u0439 \u043e\u043f\u044b\u0442 \u0432 \u043e\u0431\u043b\u0430\u0441\u0442\u0438 \u0434\u0438\u0437\u0430\u0439\u043d\u0430 \u0441\u043f\u0435\u0446\u0438\u0430\u043b\u044c\u043d\u044b\u0445 \u0432\u0438\u043d\u043e\u0433\u0440\u0430\u0434\u043d\u044b\u0445 \u0438 \u0441\u0430\u0434\u043e\u0432\u044b\u0445 \u0442\u0440\u0430\u043a\u0442\u043e\u0440\u043e\u0432, \u0430 \u0442\u0430\u043a\u0436\u0435 \u043e\u0431\u0449\u0438\u0445 \u0442\u0440\u0430\u043a\u0442\u043e\u0440\u043e\u0432 \u043c\u043e\u0449\u043d\u043e\u0441\u0442\u044c\u044e \u043e\u0442 60 \u0434\u043e 100 \u043b.\u0441.\",\"breadcrumb\":{\"@id\":\"https:\/\/carraro.md\/profile\/#breadcrumb\"},\"inLanguage\":\"ro-RO\",\"potentialAction\":[{\"@type\":\"ReadAction\",\"target\":[\"https:\/\/carraro.md\/profile\/\"]}]},{\"@type\":\"BreadcrumbList\",\"@id\":\"https:\/\/carraro.md\/profile\/#breadcrumb\",\"itemListElement\":[{\"@type\":\"ListItem\",\"position\":1,\"name\":\"\u0413\u043b\u0430\u0432\u043d\u0430\u044f \u0441\u0442\u0440\u0430\u043d\u0438\u0446\u0430\",\"item\":\"https:\/\/carraro.md\/\"},{\"@type\":\"ListItem\",\"position\":2,\"name\":\"\u041f\u0440\u043e\u0444\u0438\u043b\u044c Carraro Agritalia\"}]}]}<\/script>\n<!-- \/ Yoast SEO plugin. -->","yoast_head_json":{"title":"\u041f\u0440\u043e\u0444\u0438\u043b\u044c Carraro Agritalia - \u0422\u0440\u0430\u043a\u0442\u043e\u0440\u044b Carraro \u0432 \u041c\u043e\u043b\u0434\u043e\u0432\u0435","description":"\u041b\u0438\u0434\u0435\u0440 \u0432 \u043e\u0431\u043b\u0430\u0441\u0442\u0438 \u0434\u0438\u0437\u0430\u0439\u043d\u0430 \u0438 \u043f\u0440\u043e\u0438\u0437\u0432\u043e\u0434\u0441\u0442\u0432\u0430 \u043b\u0435\u0433\u043a\u0438\u0445 \u0438 \u0441\u043f\u0435\u0446\u0438\u0430\u043b\u044c\u043d\u044b\u0445 \u0442\u0440\u0430\u043a\u0442\u043e\u0440\u043e\u0432 Carraro. Agritalia \u043d\u0430\u043a\u043e\u043f\u0438\u043b\u0430 \u0437\u0430 \u0434\u043e\u043b\u0433\u043e\u0435 \u0432\u0440\u0435\u043c\u044f \u0432\u043d\u0443\u0448\u0438\u0442\u0435\u043b\u044c\u043d\u044b\u0439 \u043e\u043f\u044b\u0442 \u0432 \u043e\u0431\u043b\u0430\u0441\u0442\u0438 \u0434\u0438\u0437\u0430\u0439\u043d\u0430 \u0441\u043f\u0435\u0446\u0438\u0430\u043b\u044c\u043d\u044b\u0445 \u0432\u0438\u043d\u043e\u0433\u0440\u0430\u0434\u043d\u044b\u0445 \u0438 \u0441\u0430\u0434\u043e\u0432\u044b\u0445 \u0442\u0440\u0430\u043a\u0442\u043e\u0440\u043e\u0432, \u0430 \u0442\u0430\u043a\u0436\u0435 \u043e\u0431\u0449\u0438\u0445 \u0442\u0440\u0430\u043a\u0442\u043e\u0440\u043e\u0432 \u043c\u043e\u0449\u043d\u043e\u0441\u0442\u044c\u044e \u043e\u0442 60 \u0434\u043e 100 \u043b.\u0441.","robots":{"index":"index","follow":"follow","max-snippet":"max-snippet:-1","max-image-preview":"max-image-preview:large","max-video-preview":"max-video-preview:-1"},"canonical":"https:\/\/carraro.md\/ro\/profile\/","og_locale":"ro_RO","og_type":"article","og_title":"\u041f\u0440\u043e\u0444\u0438\u043b\u044c Carraro Agritalia - \u0422\u0440\u0430\u043a\u0442\u043e\u0440\u044b Carraro \u0432 \u041c\u043e\u043b\u0434\u043e\u0432\u0435","og_description":"\u041b\u0438\u0434\u0435\u0440 \u0432 \u043e\u0431\u043b\u0430\u0441\u0442\u0438 \u0434\u0438\u0437\u0430\u0439\u043d\u0430 \u0438 \u043f\u0440\u043e\u0438\u0437\u0432\u043e\u0434\u0441\u0442\u0432\u0430 \u043b\u0435\u0433\u043a\u0438\u0445 \u0438 \u0441\u043f\u0435\u0446\u0438\u0430\u043b\u044c\u043d\u044b\u0445 \u0442\u0440\u0430\u043a\u0442\u043e\u0440\u043e\u0432 Carraro. Agritalia \u043d\u0430\u043a\u043e\u043f\u0438\u043b\u0430 \u0437\u0430 \u0434\u043e\u043b\u0433\u043e\u0435 \u0432\u0440\u0435\u043c\u044f \u0432\u043d\u0443\u0448\u0438\u0442\u0435\u043b\u044c\u043d\u044b\u0439 \u043e\u043f\u044b\u0442 \u0432 \u043e\u0431\u043b\u0430\u0441\u0442\u0438 \u0434\u0438\u0437\u0430\u0439\u043d\u0430 \u0441\u043f\u0435\u0446\u0438\u0430\u043b\u044c\u043d\u044b\u0445 \u0432\u0438\u043d\u043e\u0433\u0440\u0430\u0434\u043d\u044b\u0445 \u0438 \u0441\u0430\u0434\u043e\u0432\u044b\u0445 \u0442\u0440\u0430\u043a\u0442\u043e\u0440\u043e\u0432, \u0430 \u0442\u0430\u043a\u0436\u0435 \u043e\u0431\u0449\u0438\u0445 \u0442\u0440\u0430\u043a\u0442\u043e\u0440\u043e\u0432 \u043c\u043e\u0449\u043d\u043e\u0441\u0442\u044c\u044e \u043e\u0442 60 \u0434\u043e 100 \u043b.\u0441.","og_url":"https:\/\/carraro.md\/ro\/profile\/","og_site_name":"\u0422\u0440\u0430\u043a\u0442\u043e\u0440\u044b Carraro \u0432 \u041c\u043e\u043b\u0434\u043e\u0432\u0435","article_modified_time":"2022-05-27T12:01:10+00:00","og_image":[{"url":"http:\/\/carraro.md\/wp-content\/uploads\/2022\/05\/profil-carraro.jpeg"}],"twitter_card":"summary_large_image","schema":{"@context":"https:\/\/schema.org","@graph":[{"@type":"WebSite","@id":"https:\/\/carraro.md\/#website","url":"https:\/\/carraro.md\/","name":"\u0422\u0440\u0430\u043a\u0442\u043e\u0440\u044b Carraro \u0432 \u041c\u043e\u043b\u0434\u043e\u0432\u0435","description":"\u0422\u0440\u0430\u043a\u0442\u043e\u0440\u044b Carraro \u0432 \u041c\u043e\u043b\u0434\u043e\u0432\u0435","potentialAction":[{"@type":"SearchAction","target":{"@type":"EntryPoint","urlTemplate":"https:\/\/carraro.md\/?s={search_term_string}"},"query-input":"required name=search_term_string"}],"inLanguage":"ro-RO"},{"@type":"ImageObject","inLanguage":"ro-RO","@id":"https:\/\/carraro.md\/profile\/#primaryimage","url":"http:\/\/carraro.md\/wp-content\/uploads\/2022\/05\/profil-carraro.jpeg","contentUrl":"http:\/\/carraro.md\/wp-content\/uploads\/2022\/05\/profil-carraro.jpeg"},{"@type":"WebPage","@id":"https:\/\/carraro.md\/profile\/#webpage","url":"https:\/\/carraro.md\/profile\/","name":"\u041f\u0440\u043e\u0444\u0438\u043b\u044c Carraro Agritalia - \u0422\u0440\u0430\u043a\u0442\u043e\u0440\u044b Carraro \u0432 \u041c\u043e\u043b\u0434\u043e\u0432\u0435","isPartOf":{"@id":"https:\/\/carraro.md\/#website"},"primaryImageOfPage":{"@id":"https:\/\/carraro.md\/profile\/#primaryimage"},"datePublished":"2022-05-11T15:04:19+00:00","dateModified":"2022-05-27T12:01:10+00:00","description":"\u041b\u0438\u0434\u0435\u0440 \u0432 \u043e\u0431\u043b\u0430\u0441\u0442\u0438 \u0434\u0438\u0437\u0430\u0439\u043d\u0430 \u0438 \u043f\u0440\u043e\u0438\u0437\u0432\u043e\u0434\u0441\u0442\u0432\u0430 \u043b\u0435\u0433\u043a\u0438\u0445 \u0438 \u0441\u043f\u0435\u0446\u0438\u0430\u043b\u044c\u043d\u044b\u0445 \u0442\u0440\u0430\u043a\u0442\u043e\u0440\u043e\u0432 Carraro. Agritalia \u043d\u0430\u043a\u043e\u043f\u0438\u043b\u0430 \u0437\u0430 \u0434\u043e\u043b\u0433\u043e\u0435 \u0432\u0440\u0435\u043c\u044f \u0432\u043d\u0443\u0448\u0438\u0442\u0435\u043b\u044c\u043d\u044b\u0439 \u043e\u043f\u044b\u0442 \u0432 \u043e\u0431\u043b\u0430\u0441\u0442\u0438 \u0434\u0438\u0437\u0430\u0439\u043d\u0430 \u0441\u043f\u0435\u0446\u0438\u0430\u043b\u044c\u043d\u044b\u0445 \u0432\u0438\u043d\u043e\u0433\u0440\u0430\u0434\u043d\u044b\u0445 \u0438 \u0441\u0430\u0434\u043e\u0432\u044b\u0445 \u0442\u0440\u0430\u043a\u0442\u043e\u0440\u043e\u0432, \u0430 \u0442\u0430\u043a\u0436\u0435 \u043e\u0431\u0449\u0438\u0445 \u0442\u0440\u0430\u043a\u0442\u043e\u0440\u043e\u0432 \u043c\u043e\u0449\u043d\u043e\u0441\u0442\u044c\u044e \u043e\u0442 60 \u0434\u043e 100 \u043b.\u0441.","breadcrumb":{"@id":"https:\/\/carraro.md\/profile\/#breadcrumb"},"inLanguage":"ro-RO","potentialAction":[{"@type":"ReadAction","target":["https:\/\/carraro.md\/profile\/"]}]},{"@type":"BreadcrumbList","@id":"https:\/\/carraro.md\/profile\/#breadcrumb","itemListElement":[{"@type":"ListItem","position":1,"name":"\u0413\u043b\u0430\u0432\u043d\u0430\u044f \u0441\u0442\u0440\u0430\u043d\u0438\u0446\u0430","item":"https:\/\/carraro.md\/"},{"@type":"ListItem","position":2,"name":"\u041f\u0440\u043e\u0444\u0438\u043b\u044c Carraro Agritalia"}]}]}},"_links":{"self":[{"href":"https:\/\/carraro.md\/ro\/wp-json\/wp\/v2\/pages\/79","targetHints":{"allow":["GET"]}}],"collection":[{"href":"https:\/\/carraro.md\/ro\/wp-json\/wp\/v2\/pages"}],"about":[{"href":"https:\/\/carraro.md\/ro\/wp-json\/wp\/v2\/types\/page"}],"author":[{"embeddable":true,"href":"https:\/\/carraro.md\/ro\/wp-json\/wp\/v2\/users\/2"}],"replies":[{"embeddable":true,"href":"https:\/\/carraro.md\/ro\/wp-json\/wp\/v2\/comments?post=79"}],"version-history":[{"count":1,"href":"https:\/\/carraro.md\/ro\/wp-json\/wp\/v2\/pages\/79\/revisions"}],"predecessor-version":[{"id":2280,"href":"https:\/\/carraro.md\/ro\/wp-json\/wp\/v2\/pages\/79\/revisions\/2280"}],"wp:attachment":[{"href":"https:\/\/carraro.md\/ro\/wp-json\/wp\/v2\/media?parent=79"}],"curies":[{"name":"wp","href":"https:\/\/api.w.org\/{rel}","templated":true}]}}