{"id":14,"date":"2022-05-11T17:48:41","date_gmt":"2022-05-11T14:48:41","guid":{"rendered":"http:\/\/carraro.md\/?page_id=14"},"modified":"2022-05-27T14:53:03","modified_gmt":"2022-05-27T11:53:03","slug":"museum","status":"publish","type":"page","link":"https:\/\/carraro.md\/ro\/museum\/","title":{"rendered":"Muzeul de tractoare Carraro"},"content":{"rendered":"<div data-elementor-type=\"wp-page\" data-elementor-id=\"14\" class=\"elementor elementor-14\">\n\t\t\t\t\t\t<div class=\"elementor-inner\">\n\t\t\t\t<div class=\"elementor-section-wrap\">\n\t\t\t\t\t\t\t\t\t<section class=\"elementor-section elementor-top-section elementor-element elementor-element-e85bb01 elementor-section-boxed elementor-section-height-default elementor-section-height-default\" data-id=\"e85bb01\" data-element_type=\"section\">\n\t\t\t\t\t\t<div class=\"elementor-container elementor-column-gap-default\">\n\t\t\t\t\t\t\t<div class=\"elementor-row\">\n\t\t\t\t\t<div class=\"elementor-column elementor-col-100 elementor-top-column elementor-element elementor-element-30d9699\" data-id=\"30d9699\" data-element_type=\"column\">\n\t\t\t<div class=\"elementor-column-wrap elementor-element-populated\">\n\t\t\t\t\t\t\t<div class=\"elementor-widget-wrap\">\n\t\t\t\t\t\t<div class=\"elementor-element elementor-element-1eee3f8 elementor-widget elementor-widget-heading\" data-id=\"1eee3f8\" data-element_type=\"widget\" data-widget_type=\"heading.default\">\n\t\t\t\t<div class=\"elementor-widget-container\">\n\t\t\t<h1 class=\"elementor-heading-title elementor-size-default\">Muzeul de tractoare Carraro<\/h1>\t\t<\/div>\n\t\t\t\t<\/div>\n\t\t\t\t<div class=\"elementor-element elementor-element-c61e69d elementor-widget elementor-widget-text-editor\" data-id=\"c61e69d\" data-element_type=\"widget\" data-widget_type=\"text-editor.default\">\n\t\t\t\t<div class=\"elementor-widget-container\">\n\t\t\t\t\t\t\t\t<div class=\"elementor-text-editor elementor-clearfix\">\n\t\t\t\t<p>A venit \u0219i ideea cre\u0103rii unui Muzeu de tractoare Carraro dedicat originilor Carraro Group, reconstituind spiritul antreprenorial al sec. XX-lea care a f\u0103cut ca compania s\u0103 devin\u0103 una din criteriile de referin\u021b\u0103 globale din domeniul mecaniz\u0103rii agrare.<\/p><p>\u00cen acest proces, unul din cele mai semnificative figuri a fost, f\u0103r\u0103 \u00eendoial\u0103, Oscar Carraro, c\u0103ruia \u0219i este dedicat acest muzeu. Oscar a fost, de facto, cel care \u2015ca rezultat al inventivit\u0103\u021bii tat\u0103lui s\u0103u Giovanni, \u00eempreun\u0103 cu fratele s\u0103u Mario \u2015 a adus o contribu\u021bie personal\u0103 \u00een noua direc\u021bie a companiei, \u00eencep\u00eend cu lansarea, \u00een 1960, aprimului tractor agricol sub brandul \"Tre Cavallini\".<\/p><p class=\"translation-block\">\u00cen incinta muzeului care se g\u0103se\u0219te la Carraro Agritalia \u2015 uzina concern, care \u00eenc\u0103 \u0219i ast\u0103zi proiecteaz\u0103 \u0219i produce <a href=\"https:\/\/carraro.md\/ro\/tractors-carraro\/\">tractoare Carraro<\/a> \u2015 sunt o serie de produse care au devenit simbol \u0219i au marcat succesul companiei din anii \u02b960 \u0219i \u02b970.<\/p><p>Ast\u0103zi, ca urmare, zona de expozi\u021bie include, de asemenea, o sem\u0103n\u0103toare automat\u0103 C18 (primul vehicul Carraro care sub\u00een\u021belegea forma unui tractor, fabricat \u00een 1957, \u00een cantitate de peste o 1000 de unit\u0103\u021bi); tractorul model 230 (primul cu 4 ro\u021bi conduc\u0103toare, fabricat \u00een 1964); tractorul model 354, unul din primele vehicule cu caracteristicile unui tractor modern.<\/p>\t\t\t\t\t<\/div>\n\t\t\t\t\t\t<\/div>\n\t\t\t\t<\/div>\n\t\t\t\t\t\t<\/div>\n\t\t\t\t\t<\/div>\n\t\t<\/div>\n\t\t\t\t\t\t\t\t<\/div>\n\t\t\t\t\t<\/div>\n\t\t<\/section>\n\t\t\t\t<section class=\"elementor-section elementor-top-section elementor-element elementor-element-028b405 elementor-section-full_width elementor-section-height-default elementor-section-height-default\" data-id=\"028b405\" data-element_type=\"section\">\n\t\t\t\t\t\t<div class=\"elementor-container elementor-column-gap-no\">\n\t\t\t\t\t\t\t<div class=\"elementor-row\">\n\t\t\t\t\t<div class=\"elementor-column elementor-col-100 elementor-top-column elementor-element elementor-element-c7b8c2b\" data-id=\"c7b8c2b\" data-element_type=\"column\">\n\t\t\t<div class=\"elementor-column-wrap elementor-element-populated\">\n\t\t\t\t\t\t\t<div class=\"elementor-widget-wrap\">\n\t\t\t\t\t\t<div class=\"elementor-element elementor-element-1ccedbb elementor-widget elementor-widget-template\" data-id=\"1ccedbb\" data-element_type=\"widget\" data-widget_type=\"template.default\">\n\t\t\t\t<div class=\"elementor-widget-container\">\n\t\t\t\t\t<div class=\"elementor-template\">\n\t\t\t\t\t<section data-elementor-type=\"section\" data-elementor-id=\"179\" class=\"elementor elementor-179\">\n\t\t\t\t\t<div class=\"elementor-section-wrap\">\n\t\t\t\t\t\t\t\t<section class=\"elementor-section elementor-top-section elementor-element elementor-element-f521ca5 elementor-section-boxed elementor-section-height-default elementor-section-height-default\" data-id=\"f521ca5\" data-element_type=\"section\" data-settings=\"{&quot;background_background&quot;:&quot;classic&quot;}\">\n\t\t\t\t\t\t<div class=\"elementor-container elementor-column-gap-default\">\n\t\t\t\t\t\t\t<div class=\"elementor-row\">\n\t\t\t\t\t<div class=\"elementor-column elementor-col-100 elementor-top-column elementor-element elementor-element-4374629\" data-id=\"4374629\" data-element_type=\"column\">\n\t\t\t<div class=\"elementor-column-wrap elementor-element-populated\">\n\t\t\t\t\t\t\t<div class=\"elementor-widget-wrap\">\n\t\t\t\t\t\t<div class=\"elementor-element elementor-element-0a27557 elementor-widget elementor-widget-heading\" data-id=\"0a27557\" data-element_type=\"widget\" data-widget_type=\"heading.default\">\n\t\t\t\t<div class=\"elementor-widget-container\">\n\t\t\t<h2 class=\"elementor-heading-title elementor-size-default\">Contacte<\/h2>\t\t<\/div>\n\t\t\t\t<\/div>\n\t\t\t\t\t\t<\/div>\n\t\t\t\t\t<\/div>\n\t\t<\/div>\n\t\t\t\t\t\t\t\t<\/div>\n\t\t\t\t\t<\/div>\n\t\t<\/section>\n\t\t\t\t<section class=\"elementor-section elementor-top-section elementor-element elementor-element-d77cb84 elementor-section-boxed elementor-section-height-default elementor-section-height-default\" data-id=\"d77cb84\" data-element_type=\"section\" data-settings=\"{&quot;background_background&quot;:&quot;classic&quot;}\">\n\t\t\t\t\t\t<div class=\"elementor-container elementor-column-gap-default\">\n\t\t\t\t\t\t\t<div class=\"elementor-row\">\n\t\t\t\t\t<div class=\"elementor-column elementor-col-33 elementor-top-column elementor-element elementor-element-8149e1f\" data-id=\"8149e1f\" data-element_type=\"column\">\n\t\t\t<div class=\"elementor-column-wrap elementor-element-populated\">\n\t\t\t\t\t\t\t<div class=\"elementor-widget-wrap\">\n\t\t\t\t\t\t<div class=\"elementor-element elementor-element-e0407dc elementor-widget elementor-widget-heading\" data-id=\"e0407dc\" data-element_type=\"widget\" data-widget_type=\"heading.default\">\n\t\t\t\t<div class=\"elementor-widget-container\">\n\t\t\t<h5 class=\"elementor-heading-title elementor-size-default\">Telefon<\/h5>\t\t<\/div>\n\t\t\t\t<\/div>\n\t\t\t\t<div class=\"elementor-element elementor-element-9591d4f elementor-widget elementor-widget-text-editor\" data-id=\"9591d4f\" data-element_type=\"widget\" data-widget_type=\"text-editor.default\">\n\t\t\t\t<div class=\"elementor-widget-container\">\n\t\t\t\t\t\t\t\t<div class=\"elementor-text-editor elementor-clearfix\">\n\t\t\t\t<p>+373 22 50 33 58<br \/>+373 69 67 22 43<\/p>\t\t\t\t\t<\/div>\n\t\t\t\t\t\t<\/div>\n\t\t\t\t<\/div>\n\t\t\t\t\t\t<\/div>\n\t\t\t\t\t<\/div>\n\t\t<\/div>\n\t\t\t\t<div class=\"elementor-column elementor-col-33 elementor-top-column elementor-element elementor-element-e43aed6\" data-id=\"e43aed6\" data-element_type=\"column\">\n\t\t\t<div class=\"elementor-column-wrap elementor-element-populated\">\n\t\t\t\t\t\t\t<div class=\"elementor-widget-wrap\">\n\t\t\t\t\t\t<div class=\"elementor-element elementor-element-c5a760f elementor-widget elementor-widget-heading\" data-id=\"c5a760f\" data-element_type=\"widget\" data-widget_type=\"heading.default\">\n\t\t\t\t<div class=\"elementor-widget-container\">\n\t\t\t<h5 class=\"elementor-heading-title elementor-size-default\">Adresa<\/h5>\t\t<\/div>\n\t\t\t\t<\/div>\n\t\t\t\t<div class=\"elementor-element elementor-element-dfa748e elementor-widget elementor-widget-text-editor\" data-id=\"dfa748e\" data-element_type=\"widget\" data-widget_type=\"text-editor.default\">\n\t\t\t\t<div class=\"elementor-widget-container\">\n\t\t\t\t\t\t\t\t<div class=\"elementor-text-editor elementor-clearfix\">\n\t\t\t\t<p>Muncesti, mun. Chisinau<br \/>str-la Muncesti, 271\/7<\/p>\t\t\t\t\t<\/div>\n\t\t\t\t\t\t<\/div>\n\t\t\t\t<\/div>\n\t\t\t\t\t\t<\/div>\n\t\t\t\t\t<\/div>\n\t\t<\/div>\n\t\t\t\t<div class=\"elementor-column elementor-col-33 elementor-top-column elementor-element elementor-element-632b8a0\" data-id=\"632b8a0\" data-element_type=\"column\">\n\t\t\t<div class=\"elementor-column-wrap elementor-element-populated\">\n\t\t\t\t\t\t\t<div class=\"elementor-widget-wrap\">\n\t\t\t\t\t\t<div class=\"elementor-element elementor-element-88964d1 elementor-widget elementor-widget-heading\" data-id=\"88964d1\" data-element_type=\"widget\" data-widget_type=\"heading.default\">\n\t\t\t\t<div class=\"elementor-widget-container\">\n\t\t\t<h5 class=\"elementor-heading-title elementor-size-default\">Email<\/h5>\t\t<\/div>\n\t\t\t\t<\/div>\n\t\t\t\t<div class=\"elementor-element elementor-element-4def2fb elementor-widget elementor-widget-text-editor\" data-id=\"4def2fb\" data-element_type=\"widget\" data-widget_type=\"text-editor.default\">\n\t\t\t\t<div class=\"elementor-widget-container\">\n\t\t\t\t\t\t\t\t<div class=\"elementor-text-editor elementor-clearfix\">\n\t\t\t\t<p>info@carraro.md<br \/>office@carraro.md<\/p>\t\t\t\t\t<\/div>\n\t\t\t\t\t\t<\/div>\n\t\t\t\t<\/div>\n\t\t\t\t\t\t<\/div>\n\t\t\t\t\t<\/div>\n\t\t<\/div>\n\t\t\t\t\t\t\t\t<\/div>\n\t\t\t\t\t<\/div>\n\t\t<\/section>\n\t\t\t\t\t\t\t<\/div>\n\t\t\t\t<\/section>\n\t\t\t\t<\/div>\n\t\t\t\t<\/div>\n\t\t\t\t<\/div>\n\t\t\t\t\t\t<\/div>\n\t\t\t\t\t<\/div>\n\t\t<\/div>\n\t\t\t\t\t\t\t\t<\/div>\n\t\t\t\t\t<\/div>\n\t\t<\/section>\n\t\t\t\t\t\t\t\t\t<\/div>\n\t\t\t<\/div>\n\t\t\t\t\t<\/div>","protected":false},"excerpt":{"rendered":"<p>\u041c\u0443\u0437\u0435\u0439 \u0442\u0440\u0430\u043a\u0442\u043e\u0440\u043e\u0432 Carraro \u0418\u0437 \u043e\u0441\u043e\u0437\u043d\u0430\u043d\u0438\u044f \u0432\u044b\u0448\u0435\u0438\u0437\u043b\u043e\u0436\u0435\u043d\u043d\u043e\u0433\u043e \u0432\u043e\u0437\u043d\u0438\u043a\u043b\u0430 \u0438 \u0438\u0434\u0435\u044f \u0441\u043e\u0437\u0434\u0430\u043d\u0438\u044f \u0441\u0442\u0440\u0430\u043d\u0438\u0446\u044b \u043e\u0431 \u0438\u0441\u0442\u043e\u043a\u0430\u0445 Carraro Group, \u0441 \u0432\u043e\u0441\u0441\u043e\u0437\u0434\u0430\u043d\u0438\u0435\u043c \u043f\u0440\u0435\u0434\u043f\u0440\u0438\u043d\u0438\u043c\u0430\u0442\u0435\u043b\u044c\u0441\u043a\u043e\u0433\u043e \u0434\u0443\u0445\u0430 XX \u0432\u0435\u043a\u0430, \u0431\u043b\u0430\u0433\u043e\u0434\u0430\u0440\u044f \u043a\u043e\u0442\u043e\u0440\u043e\u043c\u0443 \u043a\u043e\u043c\u043f\u0430\u043d\u0438\u044f \u0441\u0442\u0430\u043b\u0430 \u043e\u0434\u043d\u0438\u043c \u0438\u0437 \u043c\u0438\u0440\u043e\u0432\u044b\u0445 \u0431\u0430\u0437\u043e\u0432\u044b\u0445 \u043a\u0440\u0438\u0442\u0435\u0440\u0438\u0435\u0432 \u0432 \u043e\u0431\u043b\u0430\u0441\u0442\u0438 \u0441\u0435\u043b\u044c\u0441\u043a\u043e\u0445\u043e\u0437\u044f\u0439\u0441\u0442\u0432\u0435\u043d\u043d\u043e\u0439 \u043c\u0435\u0445\u0430\u043d\u0438\u0437\u0430\u0446\u0438\u0438. \u041e\u0434\u043d\u043e\u0439 \u0438\u0437 \u0441\u0430\u043c\u044b\u0445 \u0437\u043d\u0430\u0447\u0438\u0442\u0435\u043b\u044c\u043d\u044b\u0445 \u0444\u0438\u0433\u0443\u0440 \u0432 \u0434\u0430\u043d\u043d\u043e\u043c \u043f\u0440\u043e\u0446\u0435\u0441\u0441\u0435 \u0431\u044b\u043b, \u043d\u0435\u0441\u043e\u043c\u043d\u0435\u043d\u043d\u043e, \u041e\u0441\u043a\u0430\u0440 \u041a\u0430\u0440\u0440\u0430\u0440\u043e, \u043a\u043e\u0442\u043e\u0440\u043e\u043c\u0443 \u0438 \u043f\u043e\u0441\u0432\u044f\u0449\u0435\u043d \u044d\u0442\u043e\u0442 \u043c\u0443\u0437\u0435\u0439. \u041e\u0441\u043a\u0430\u0440 \u0431\u044b\u043b \u0444\u0430\u043a\u0442\u0438\u0447\u0435\u0441\u043a\u0438 \u0442\u0435\u043c, [&hellip;]<\/p>","protected":false},"author":2,"featured_media":0,"parent":0,"menu_order":0,"comment_status":"closed","ping_status":"closed","template":"","meta":{"footnotes":""},"class_list":["post-14","page","type-page","status-publish","hentry"],"yoast_head":"<!-- This site is optimized with the Yoast SEO plugin v19.0 - https:\/\/yoast.com\/wordpress\/plugins\/seo\/ -->\n<title>\u041c\u0443\u0437\u0435\u0439 \u0442\u0440\u0430\u043a\u0442\u043e\u0440\u043e\u0432 Carraro - \u0422\u0440\u0430\u043a\u0442\u043e\u0440\u044b Carraro \u0432 \u041c\u043e\u043b\u0434\u043e\u0432\u0435<\/title>\n<meta name=\"description\" content=\"\u0418\u0437 \u043e\u0441\u043e\u0437\u043d\u0430\u043d\u0438\u044f \u0432\u044b\u0448\u0435\u0438\u0437\u043b\u043e\u0436\u0435\u043d\u043d\u043e\u0433\u043e \u0432\u043e\u0437\u043d\u0438\u043a\u043b\u0430 \u0438 \u0438\u0434\u0435\u044f \u0441\u043e\u0437\u0434\u0430\u043d\u0438\u044f \u0441\u0442\u0440\u0430\u043d\u0438\u0446\u044b \u043e\u0431 \u0438\u0441\u0442\u043e\u043a\u0430\u0445 Carraro Group, \u0441 \u0432\u043e\u0441\u0441\u043e\u0437\u0434\u0430\u043d\u0438\u0435\u043c \u043f\u0440\u0435\u0434\u043f\u0440\u0438\u043d\u0438\u043c\u0430\u0442\u0435\u043b\u044c\u0441\u043a\u043e\u0433\u043e \u0434\u0443\u0445\u0430 XX \u0432\u0435\u043a\u0430, \u0431\u043b\u0430\u0433\u043e\u0434\u0430\u0440\u044f \u043a\u043e\u0442\u043e\u0440\u043e\u043c\u0443 \u043a\u043e\u043c\u043f\u0430\u043d\u0438\u044f \u0441\u0442\u0430\u043b\u0430 \u043e\u0434\u043d\u0438\u043c \u0438\u0437 \u043c\u0438\u0440\u043e\u0432\u044b\u0445 \u0431\u0430\u0437\u043e\u0432\u044b\u0445 \u043a\u0440\u0438\u0442\u0435\u0440\u0438\u0435\u0432 \u0432 \u043e\u0431\u043b\u0430\u0441\u0442\u0438 \u0441\u0435\u043b\u044c\u0441\u043a\u043e\u0445\u043e\u0437\u044f\u0439\u0441\u0442\u0432\u0435\u043d\u043d\u043e\u0439 \u043c\u0435\u0445\u0430\u043d\u0438\u0437\u0430\u0446\u0438\u0438.\" \/>\n<meta name=\"robots\" content=\"index, follow, max-snippet:-1, max-image-preview:large, max-video-preview:-1\" \/>\n<link rel=\"canonical\" href=\"https:\/\/carraro.md\/ro\/museum\/\" \/>\n<meta property=\"og:locale\" content=\"ro_RO\" \/>\n<meta property=\"og:type\" content=\"article\" \/>\n<meta property=\"og:title\" content=\"\u041c\u0443\u0437\u0435\u0439 \u0442\u0440\u0430\u043a\u0442\u043e\u0440\u043e\u0432 Carraro - \u0422\u0440\u0430\u043a\u0442\u043e\u0440\u044b Carraro \u0432 \u041c\u043e\u043b\u0434\u043e\u0432\u0435\" \/>\n<meta property=\"og:description\" content=\"\u0418\u0437 \u043e\u0441\u043e\u0437\u043d\u0430\u043d\u0438\u044f \u0432\u044b\u0448\u0435\u0438\u0437\u043b\u043e\u0436\u0435\u043d\u043d\u043e\u0433\u043e \u0432\u043e\u0437\u043d\u0438\u043a\u043b\u0430 \u0438 \u0438\u0434\u0435\u044f \u0441\u043e\u0437\u0434\u0430\u043d\u0438\u044f \u0441\u0442\u0440\u0430\u043d\u0438\u0446\u044b \u043e\u0431 \u0438\u0441\u0442\u043e\u043a\u0430\u0445 Carraro Group, \u0441 \u0432\u043e\u0441\u0441\u043e\u0437\u0434\u0430\u043d\u0438\u0435\u043c \u043f\u0440\u0435\u0434\u043f\u0440\u0438\u043d\u0438\u043c\u0430\u0442\u0435\u043b\u044c\u0441\u043a\u043e\u0433\u043e \u0434\u0443\u0445\u0430 XX \u0432\u0435\u043a\u0430, \u0431\u043b\u0430\u0433\u043e\u0434\u0430\u0440\u044f \u043a\u043e\u0442\u043e\u0440\u043e\u043c\u0443 \u043a\u043e\u043c\u043f\u0430\u043d\u0438\u044f \u0441\u0442\u0430\u043b\u0430 \u043e\u0434\u043d\u0438\u043c \u0438\u0437 \u043c\u0438\u0440\u043e\u0432\u044b\u0445 \u0431\u0430\u0437\u043e\u0432\u044b\u0445 \u043a\u0440\u0438\u0442\u0435\u0440\u0438\u0435\u0432 \u0432 \u043e\u0431\u043b\u0430\u0441\u0442\u0438 \u0441\u0435\u043b\u044c\u0441\u043a\u043e\u0445\u043e\u0437\u044f\u0439\u0441\u0442\u0432\u0435\u043d\u043d\u043e\u0439 \u043c\u0435\u0445\u0430\u043d\u0438\u0437\u0430\u0446\u0438\u0438.\" \/>\n<meta property=\"og:url\" content=\"https:\/\/carraro.md\/ro\/museum\/\" \/>\n<meta property=\"og:site_name\" content=\"\u0422\u0440\u0430\u043a\u0442\u043e\u0440\u044b Carraro \u0432 \u041c\u043e\u043b\u0434\u043e\u0432\u0435\" \/>\n<meta property=\"article:modified_time\" content=\"2022-05-27T11:53:03+00:00\" \/>\n<meta property=\"og:image\" content=\"https:\/\/carraro.md\/wp-content\/uploads\/2022\/05\/profile-3.jpeg\" \/>\n\t<meta property=\"og:image:width\" content=\"570\" \/>\n\t<meta property=\"og:image:height\" content=\"427\" \/>\n\t<meta property=\"og:image:type\" content=\"image\/jpeg\" \/>\n<meta name=\"twitter:card\" content=\"summary_large_image\" \/>\n<script type=\"application\/ld+json\" class=\"yoast-schema-graph\">{\"@context\":\"https:\/\/schema.org\",\"@graph\":[{\"@type\":\"WebSite\",\"@id\":\"https:\/\/carraro.md\/#website\",\"url\":\"https:\/\/carraro.md\/\",\"name\":\"\u0422\u0440\u0430\u043a\u0442\u043e\u0440\u044b Carraro \u0432 \u041c\u043e\u043b\u0434\u043e\u0432\u0435\",\"description\":\"\u0422\u0440\u0430\u043a\u0442\u043e\u0440\u044b Carraro \u0432 \u041c\u043e\u043b\u0434\u043e\u0432\u0435\",\"potentialAction\":[{\"@type\":\"SearchAction\",\"target\":{\"@type\":\"EntryPoint\",\"urlTemplate\":\"https:\/\/carraro.md\/?s={search_term_string}\"},\"query-input\":\"required name=search_term_string\"}],\"inLanguage\":\"ro-RO\"},{\"@type\":\"WebPage\",\"@id\":\"https:\/\/carraro.md\/ro\/museum\/#webpage\",\"url\":\"https:\/\/carraro.md\/ro\/museum\/\",\"name\":\"\u041c\u0443\u0437\u0435\u0439 \u0442\u0440\u0430\u043a\u0442\u043e\u0440\u043e\u0432 Carraro - \u0422\u0440\u0430\u043a\u0442\u043e\u0440\u044b Carraro \u0432 \u041c\u043e\u043b\u0434\u043e\u0432\u0435\",\"isPartOf\":{\"@id\":\"https:\/\/carraro.md\/#website\"},\"datePublished\":\"2022-05-11T14:48:41+00:00\",\"dateModified\":\"2022-05-27T11:53:03+00:00\",\"description\":\"\u0418\u0437 \u043e\u0441\u043e\u0437\u043d\u0430\u043d\u0438\u044f \u0432\u044b\u0448\u0435\u0438\u0437\u043b\u043e\u0436\u0435\u043d\u043d\u043e\u0433\u043e \u0432\u043e\u0437\u043d\u0438\u043a\u043b\u0430 \u0438 \u0438\u0434\u0435\u044f \u0441\u043e\u0437\u0434\u0430\u043d\u0438\u044f \u0441\u0442\u0440\u0430\u043d\u0438\u0446\u044b \u043e\u0431 \u0438\u0441\u0442\u043e\u043a\u0430\u0445 Carraro Group, \u0441 \u0432\u043e\u0441\u0441\u043e\u0437\u0434\u0430\u043d\u0438\u0435\u043c \u043f\u0440\u0435\u0434\u043f\u0440\u0438\u043d\u0438\u043c\u0430\u0442\u0435\u043b\u044c\u0441\u043a\u043e\u0433\u043e \u0434\u0443\u0445\u0430 XX \u0432\u0435\u043a\u0430, \u0431\u043b\u0430\u0433\u043e\u0434\u0430\u0440\u044f \u043a\u043e\u0442\u043e\u0440\u043e\u043c\u0443 \u043a\u043e\u043c\u043f\u0430\u043d\u0438\u044f \u0441\u0442\u0430\u043b\u0430 \u043e\u0434\u043d\u0438\u043c \u0438\u0437 \u043c\u0438\u0440\u043e\u0432\u044b\u0445 \u0431\u0430\u0437\u043e\u0432\u044b\u0445 \u043a\u0440\u0438\u0442\u0435\u0440\u0438\u0435\u0432 \u0432 \u043e\u0431\u043b\u0430\u0441\u0442\u0438 \u0441\u0435\u043b\u044c\u0441\u043a\u043e\u0445\u043e\u0437\u044f\u0439\u0441\u0442\u0432\u0435\u043d\u043d\u043e\u0439 \u043c\u0435\u0445\u0430\u043d\u0438\u0437\u0430\u0446\u0438\u0438.\",\"breadcrumb\":{\"@id\":\"https:\/\/carraro.md\/ro\/museum\/#breadcrumb\"},\"inLanguage\":\"ro-RO\",\"potentialAction\":[{\"@type\":\"ReadAction\",\"target\":[\"https:\/\/carraro.md\/ro\/museum\/\"]}]},{\"@type\":\"BreadcrumbList\",\"@id\":\"https:\/\/carraro.md\/ro\/museum\/#breadcrumb\",\"itemListElement\":[{\"@type\":\"ListItem\",\"position\":1,\"name\":\"\u0413\u043b\u0430\u0432\u043d\u0430\u044f \u0441\u0442\u0440\u0430\u043d\u0438\u0446\u0430\",\"item\":\"https:\/\/carraro.md\/\"},{\"@type\":\"ListItem\",\"position\":2,\"name\":\"\u041c\u0443\u0437\u0435\u0439 \u0442\u0440\u0430\u043a\u0442\u043e\u0440\u043e\u0432 Carraro\"}]}]}<\/script>\n<!-- \/ Yoast SEO plugin. -->","yoast_head_json":{"title":"\u041c\u0443\u0437\u0435\u0439 \u0442\u0440\u0430\u043a\u0442\u043e\u0440\u043e\u0432 Carraro - \u0422\u0440\u0430\u043a\u0442\u043e\u0440\u044b Carraro \u0432 \u041c\u043e\u043b\u0434\u043e\u0432\u0435","description":"\u0418\u0437 \u043e\u0441\u043e\u0437\u043d\u0430\u043d\u0438\u044f \u0432\u044b\u0448\u0435\u0438\u0437\u043b\u043e\u0436\u0435\u043d\u043d\u043e\u0433\u043e \u0432\u043e\u0437\u043d\u0438\u043a\u043b\u0430 \u0438 \u0438\u0434\u0435\u044f \u0441\u043e\u0437\u0434\u0430\u043d\u0438\u044f \u0441\u0442\u0440\u0430\u043d\u0438\u0446\u044b \u043e\u0431 \u0438\u0441\u0442\u043e\u043a\u0430\u0445 Carraro Group, \u0441 \u0432\u043e\u0441\u0441\u043e\u0437\u0434\u0430\u043d\u0438\u0435\u043c \u043f\u0440\u0435\u0434\u043f\u0440\u0438\u043d\u0438\u043c\u0430\u0442\u0435\u043b\u044c\u0441\u043a\u043e\u0433\u043e \u0434\u0443\u0445\u0430 XX \u0432\u0435\u043a\u0430, \u0431\u043b\u0430\u0433\u043e\u0434\u0430\u0440\u044f \u043a\u043e\u0442\u043e\u0440\u043e\u043c\u0443 \u043a\u043e\u043c\u043f\u0430\u043d\u0438\u044f \u0441\u0442\u0430\u043b\u0430 \u043e\u0434\u043d\u0438\u043c \u0438\u0437 \u043c\u0438\u0440\u043e\u0432\u044b\u0445 \u0431\u0430\u0437\u043e\u0432\u044b\u0445 \u043a\u0440\u0438\u0442\u0435\u0440\u0438\u0435\u0432 \u0432 \u043e\u0431\u043b\u0430\u0441\u0442\u0438 \u0441\u0435\u043b\u044c\u0441\u043a\u043e\u0445\u043e\u0437\u044f\u0439\u0441\u0442\u0432\u0435\u043d\u043d\u043e\u0439 \u043c\u0435\u0445\u0430\u043d\u0438\u0437\u0430\u0446\u0438\u0438.","robots":{"index":"index","follow":"follow","max-snippet":"max-snippet:-1","max-image-preview":"max-image-preview:large","max-video-preview":"max-video-preview:-1"},"canonical":"https:\/\/carraro.md\/ro\/museum\/","og_locale":"ro_RO","og_type":"article","og_title":"\u041c\u0443\u0437\u0435\u0439 \u0442\u0440\u0430\u043a\u0442\u043e\u0440\u043e\u0432 Carraro - \u0422\u0440\u0430\u043a\u0442\u043e\u0440\u044b Carraro \u0432 \u041c\u043e\u043b\u0434\u043e\u0432\u0435","og_description":"\u0418\u0437 \u043e\u0441\u043e\u0437\u043d\u0430\u043d\u0438\u044f \u0432\u044b\u0448\u0435\u0438\u0437\u043b\u043e\u0436\u0435\u043d\u043d\u043e\u0433\u043e \u0432\u043e\u0437\u043d\u0438\u043a\u043b\u0430 \u0438 \u0438\u0434\u0435\u044f \u0441\u043e\u0437\u0434\u0430\u043d\u0438\u044f \u0441\u0442\u0440\u0430\u043d\u0438\u0446\u044b \u043e\u0431 \u0438\u0441\u0442\u043e\u043a\u0430\u0445 Carraro Group, \u0441 \u0432\u043e\u0441\u0441\u043e\u0437\u0434\u0430\u043d\u0438\u0435\u043c \u043f\u0440\u0435\u0434\u043f\u0440\u0438\u043d\u0438\u043c\u0430\u0442\u0435\u043b\u044c\u0441\u043a\u043e\u0433\u043e \u0434\u0443\u0445\u0430 XX \u0432\u0435\u043a\u0430, \u0431\u043b\u0430\u0433\u043e\u0434\u0430\u0440\u044f \u043a\u043e\u0442\u043e\u0440\u043e\u043c\u0443 \u043a\u043e\u043c\u043f\u0430\u043d\u0438\u044f \u0441\u0442\u0430\u043b\u0430 \u043e\u0434\u043d\u0438\u043c \u0438\u0437 \u043c\u0438\u0440\u043e\u0432\u044b\u0445 \u0431\u0430\u0437\u043e\u0432\u044b\u0445 \u043a\u0440\u0438\u0442\u0435\u0440\u0438\u0435\u0432 \u0432 \u043e\u0431\u043b\u0430\u0441\u0442\u0438 \u0441\u0435\u043b\u044c\u0441\u043a\u043e\u0445\u043e\u0437\u044f\u0439\u0441\u0442\u0432\u0435\u043d\u043d\u043e\u0439 \u043c\u0435\u0445\u0430\u043d\u0438\u0437\u0430\u0446\u0438\u0438.","og_url":"https:\/\/carraro.md\/ro\/museum\/","og_site_name":"\u0422\u0440\u0430\u043a\u0442\u043e\u0440\u044b Carraro \u0432 \u041c\u043e\u043b\u0434\u043e\u0432\u0435","article_modified_time":"2022-05-27T11:53:03+00:00","og_image":[{"width":570,"height":427,"url":"https:\/\/carraro.md\/wp-content\/uploads\/2022\/05\/profile-3.jpeg","type":"image\/jpeg"}],"twitter_card":"summary_large_image","schema":{"@context":"https:\/\/schema.org","@graph":[{"@type":"WebSite","@id":"https:\/\/carraro.md\/#website","url":"https:\/\/carraro.md\/","name":"\u0422\u0440\u0430\u043a\u0442\u043e\u0440\u044b Carraro \u0432 \u041c\u043e\u043b\u0434\u043e\u0432\u0435","description":"\u0422\u0440\u0430\u043a\u0442\u043e\u0440\u044b Carraro \u0432 \u041c\u043e\u043b\u0434\u043e\u0432\u0435","potentialAction":[{"@type":"SearchAction","target":{"@type":"EntryPoint","urlTemplate":"https:\/\/carraro.md\/?s={search_term_string}"},"query-input":"required name=search_term_string"}],"inLanguage":"ro-RO"},{"@type":"WebPage","@id":"https:\/\/carraro.md\/ro\/museum\/#webpage","url":"https:\/\/carraro.md\/ro\/museum\/","name":"\u041c\u0443\u0437\u0435\u0439 \u0442\u0440\u0430\u043a\u0442\u043e\u0440\u043e\u0432 Carraro - \u0422\u0440\u0430\u043a\u0442\u043e\u0440\u044b Carraro \u0432 \u041c\u043e\u043b\u0434\u043e\u0432\u0435","isPartOf":{"@id":"https:\/\/carraro.md\/#website"},"datePublished":"2022-05-11T14:48:41+00:00","dateModified":"2022-05-27T11:53:03+00:00","description":"\u0418\u0437 \u043e\u0441\u043e\u0437\u043d\u0430\u043d\u0438\u044f \u0432\u044b\u0448\u0435\u0438\u0437\u043b\u043e\u0436\u0435\u043d\u043d\u043e\u0433\u043e \u0432\u043e\u0437\u043d\u0438\u043a\u043b\u0430 \u0438 \u0438\u0434\u0435\u044f \u0441\u043e\u0437\u0434\u0430\u043d\u0438\u044f \u0441\u0442\u0440\u0430\u043d\u0438\u0446\u044b \u043e\u0431 \u0438\u0441\u0442\u043e\u043a\u0430\u0445 Carraro Group, \u0441 \u0432\u043e\u0441\u0441\u043e\u0437\u0434\u0430\u043d\u0438\u0435\u043c \u043f\u0440\u0435\u0434\u043f\u0440\u0438\u043d\u0438\u043c\u0430\u0442\u0435\u043b\u044c\u0441\u043a\u043e\u0433\u043e \u0434\u0443\u0445\u0430 XX \u0432\u0435\u043a\u0430, \u0431\u043b\u0430\u0433\u043e\u0434\u0430\u0440\u044f \u043a\u043e\u0442\u043e\u0440\u043e\u043c\u0443 \u043a\u043e\u043c\u043f\u0430\u043d\u0438\u044f \u0441\u0442\u0430\u043b\u0430 \u043e\u0434\u043d\u0438\u043c \u0438\u0437 \u043c\u0438\u0440\u043e\u0432\u044b\u0445 \u0431\u0430\u0437\u043e\u0432\u044b\u0445 \u043a\u0440\u0438\u0442\u0435\u0440\u0438\u0435\u0432 \u0432 \u043e\u0431\u043b\u0430\u0441\u0442\u0438 \u0441\u0435\u043b\u044c\u0441\u043a\u043e\u0445\u043e\u0437\u044f\u0439\u0441\u0442\u0432\u0435\u043d\u043d\u043e\u0439 \u043c\u0435\u0445\u0430\u043d\u0438\u0437\u0430\u0446\u0438\u0438.","breadcrumb":{"@id":"https:\/\/carraro.md\/ro\/museum\/#breadcrumb"},"inLanguage":"ro-RO","potentialAction":[{"@type":"ReadAction","target":["https:\/\/carraro.md\/ro\/museum\/"]}]},{"@type":"BreadcrumbList","@id":"https:\/\/carraro.md\/ro\/museum\/#breadcrumb","itemListElement":[{"@type":"ListItem","position":1,"name":"\u0413\u043b\u0430\u0432\u043d\u0430\u044f \u0441\u0442\u0440\u0430\u043d\u0438\u0446\u0430","item":"https:\/\/carraro.md\/"},{"@type":"ListItem","position":2,"name":"\u041c\u0443\u0437\u0435\u0439 \u0442\u0440\u0430\u043a\u0442\u043e\u0440\u043e\u0432 Carraro"}]}]}},"_links":{"self":[{"href":"https:\/\/carraro.md\/ro\/wp-json\/wp\/v2\/pages\/14","targetHints":{"allow":["GET"]}}],"collection":[{"href":"https:\/\/carraro.md\/ro\/wp-json\/wp\/v2\/pages"}],"about":[{"href":"https:\/\/carraro.md\/ro\/wp-json\/wp\/v2\/types\/page"}],"author":[{"embeddable":true,"href":"https:\/\/carraro.md\/ro\/wp-json\/wp\/v2\/users\/2"}],"replies":[{"embeddable":true,"href":"https:\/\/carraro.md\/ro\/wp-json\/wp\/v2\/comments?post=14"}],"version-history":[{"count":1,"href":"https:\/\/carraro.md\/ro\/wp-json\/wp\/v2\/pages\/14\/revisions"}],"predecessor-version":[{"id":2275,"href":"https:\/\/carraro.md\/ro\/wp-json\/wp\/v2\/pages\/14\/revisions\/2275"}],"wp:attachment":[{"href":"https:\/\/carraro.md\/ro\/wp-json\/wp\/v2\/media?parent=14"}],"curies":[{"name":"wp","href":"https:\/\/api.w.org\/{rel}","templated":true}]}}